{"id":18,"date":"2021-12-02T09:29:12","date_gmt":"2021-12-02T08:29:12","guid":{"rendered":"http:\/\/cool-clim.com\/?page_id=18"},"modified":"2021-12-02T16:02:38","modified_gmt":"2021-12-02T15:02:38","slug":"mono-split","status":"publish","type":"page","link":"https:\/\/cool-clim.com\/index.php\/mono-split\/","title":{"rendered":"Mono Split"},"content":{"rendered":"\n<div class=\"wp-block-image is-style-default\"><figure class=\"aligncenter size-full\"><img loading=\"lazy\" decoding=\"async\" width=\"600\" height=\"400\" src=\"https:\/\/cool-clim.com\/wp-content\/uploads\/2021\/12\/climatisation-mono-split-diagramme.png\" alt=\"\" class=\"wp-image-170\" srcset=\"https:\/\/cool-clim.com\/wp-content\/uploads\/2021\/12\/climatisation-mono-split-diagramme.png 600w, https:\/\/cool-clim.com\/wp-content\/uploads\/2021\/12\/climatisation-mono-split-diagramme-300x200.png 300w\" sizes=\"(max-width: 600px) 100vw, 600px\" \/><\/figure><\/div>\n\n\n\n<div class=\"wp-block-columns is-layout-flex wp-container-core-columns-is-layout-1 wp-block-columns-is-layout-flex\">\n<div class=\"wp-block-column is-layout-flow wp-block-column-is-layout-flow\" style=\"flex-basis:100%\">\n<ul><li>Compos\u00e9 d&rsquo;un groupe ext\u00e9rieur et d&rsquo;une unit\u00e9 int\u00e9rieure.<\/li><li>Id\u00e9al pour les personnes ne souhaitant climatiser que la pi\u00e8ce de vie centrale, ou encore une chambre ou un bureau.<\/li><li>Choix int\u00e9ressant pour les personnes souhaitant ajouter un chauffage d&rsquo;appoint \u00e0 leur logement.<\/li><li>Syst\u00e8me de fixation multiple: Sur un mur, au plafond ou semi encastr\u00e9 suivant les mod\u00e8les<\/li><li>Si le besoin est sup\u00e9rieur \u00e0 une pi\u00e8ce il est pr\u00e9f\u00e9rable d&rsquo;opter pour un mod\u00e8le <a href=\"https:\/\/cool-clim.com\/index.php\/multi-split\/\">multi split<\/a><\/li><\/ul>\n\n\n\n<p> N&rsquo;h\u00e9sitez pas \u00e0 nous faire une demande de <a href=\"https:\/\/cool-clim.com\/index.php\/demande-de-devis\/\">devis<\/a> gratuit et sans engagement de votre part. <\/p>\n<\/div>\n<\/div>\n\n\n\n<div class=\"wp-block-columns is-layout-flex wp-container-core-columns-is-layout-2 wp-block-columns-is-layout-flex\">\n<div class=\"wp-block-column is-layout-flow wp-block-column-is-layout-flow\">\n<div class=\"wp-block-buttons is-content-justification-center is-layout-flex wp-block-buttons-is-layout-flex\">\n<div class=\"wp-block-button\"><a class=\"wp-block-button__link\" href=\"https:\/\/cool-clim.com\/index.php\/contact\/\">Contactez-Nous!<\/a><\/div>\n<\/div>\n<\/div>\n<\/div>\n","protected":false},"excerpt":{"rendered":"<p>Compos\u00e9 d&rsquo;un groupe ext\u00e9rieur et d&rsquo;une unit\u00e9 int\u00e9rieure. Id\u00e9al pour les personnes ne souhaitant climatiser que la pi\u00e8ce de vie centrale, ou encore une chambre ou un bureau. Choix int\u00e9ressant pour les personnes souhaitant ajouter un chauffage d&rsquo;appoint \u00e0 leur logement. Syst\u00e8me de fixation multiple: Sur un mur, au plafond ou semi encastr\u00e9 suivant les &hellip;<\/p>\n<p class=\"read-more\"> <a class=\"\" href=\"https:\/\/cool-clim.com\/index.php\/mono-split\/\"> <span class=\"screen-reader-text\">Mono Split<\/span> Lire la suite\u00a0\u00bb<\/a><\/p>\n","protected":false},"author":1,"featured_media":0,"parent":0,"menu_order":0,"comment_status":"closed","ping_status":"closed","template":"","meta":{"_monsterinsights_skip_tracking":false,"_monsterinsights_sitenote_active":false,"_monsterinsights_sitenote_note":"","_monsterinsights_sitenote_category":0,"site-sidebar-layout":"default","site-content-layout":"default","ast-global-header-display":"","ast-banner-title-visibility":"","ast-main-header-display":"","ast-hfb-above-header-display":"","ast-hfb-below-header-display":"","ast-hfb-mobile-header-display":"","site-post-title":"","ast-breadcrumbs-content":"","ast-featured-img":"","footer-sml-layout":"","theme-transparent-header-meta":"","adv-header-id-meta":"","stick-header-meta":"","header-above-stick-meta":"","header-main-stick-meta":"","header-below-stick-meta":"","footnotes":""},"yoast_head":"<!-- This site is optimized with the Yoast SEO plugin v24.5 - https:\/\/yoast.com\/wordpress\/plugins\/seo\/ -->\n<title>Mono Split - Cool Clim<\/title>\n<meta name=\"description\" content=\"mono split Cool Clim Mono Split\" \/>\n<meta name=\"robots\" content=\"index, follow, max-snippet:-1, max-image-preview:large, max-video-preview:-1\" \/>\n<link rel=\"canonical\" href=\"https:\/\/cool-clim.com\/index.php\/mono-split\/\" \/>\n<meta property=\"og:locale\" content=\"fr_FR\" \/>\n<meta property=\"og:type\" content=\"article\" \/>\n<meta property=\"og:title\" content=\"Mono Split - Cool Clim\" \/>\n<meta property=\"og:description\" content=\"mono split Cool Clim Mono Split\" \/>\n<meta property=\"og:url\" content=\"https:\/\/cool-clim.com\/index.php\/mono-split\/\" \/>\n<meta property=\"og:site_name\" content=\"Cool Clim\" \/>\n<meta property=\"article:modified_time\" content=\"2021-12-02T15:02:38+00:00\" \/>\n<meta property=\"og:image\" content=\"https:\/\/cool-clim.com\/wp-content\/uploads\/2021\/12\/climatisation-mono-split-diagramme.png\" \/>\n<meta name=\"twitter:card\" content=\"summary_large_image\" \/>\n<meta name=\"twitter:label1\" content=\"Dur\u00e9e de lecture estim\u00e9e\" \/>\n\t<meta name=\"twitter:data1\" content=\"1 minute\" \/>\n<script type=\"application\/ld+json\" class=\"yoast-schema-graph\">{\"@context\":\"https:\/\/schema.org\",\"@graph\":[{\"@type\":\"WebPage\",\"@id\":\"https:\/\/cool-clim.com\/index.php\/mono-split\/\",\"url\":\"https:\/\/cool-clim.com\/index.php\/mono-split\/\",\"name\":\"Mono Split - Cool Clim\",\"isPartOf\":{\"@id\":\"https:\/\/cool-clim.com\/#website\"},\"primaryImageOfPage\":{\"@id\":\"https:\/\/cool-clim.com\/index.php\/mono-split\/#primaryimage\"},\"image\":{\"@id\":\"https:\/\/cool-clim.com\/index.php\/mono-split\/#primaryimage\"},\"thumbnailUrl\":\"https:\/\/cool-clim.com\/wp-content\/uploads\/2021\/12\/climatisation-mono-split-diagramme.png\",\"datePublished\":\"2021-12-02T08:29:12+00:00\",\"dateModified\":\"2021-12-02T15:02:38+00:00\",\"description\":\"mono split Cool Clim Mono Split\",\"breadcrumb\":{\"@id\":\"https:\/\/cool-clim.com\/index.php\/mono-split\/#breadcrumb\"},\"inLanguage\":\"fr-FR\",\"potentialAction\":[{\"@type\":\"ReadAction\",\"target\":[\"https:\/\/cool-clim.com\/index.php\/mono-split\/\"]}]},{\"@type\":\"ImageObject\",\"inLanguage\":\"fr-FR\",\"@id\":\"https:\/\/cool-clim.com\/index.php\/mono-split\/#primaryimage\",\"url\":\"https:\/\/cool-clim.com\/wp-content\/uploads\/2021\/12\/climatisation-mono-split-diagramme.png\",\"contentUrl\":\"https:\/\/cool-clim.com\/wp-content\/uploads\/2021\/12\/climatisation-mono-split-diagramme.png\",\"width\":600,\"height\":400},{\"@type\":\"BreadcrumbList\",\"@id\":\"https:\/\/cool-clim.com\/index.php\/mono-split\/#breadcrumb\",\"itemListElement\":[{\"@type\":\"ListItem\",\"position\":1,\"name\":\"Accueil\",\"item\":\"https:\/\/cool-clim.com\/\"},{\"@type\":\"ListItem\",\"position\":2,\"name\":\"Mono Split\"}]},{\"@type\":\"WebSite\",\"@id\":\"https:\/\/cool-clim.com\/#website\",\"url\":\"https:\/\/cool-clim.com\/\",\"name\":\"Cool Clim\",\"description\":\"\",\"publisher\":{\"@id\":\"https:\/\/cool-clim.com\/#organization\"},\"potentialAction\":[{\"@type\":\"SearchAction\",\"target\":{\"@type\":\"EntryPoint\",\"urlTemplate\":\"https:\/\/cool-clim.com\/?s={search_term_string}\"},\"query-input\":{\"@type\":\"PropertyValueSpecification\",\"valueRequired\":true,\"valueName\":\"search_term_string\"}}],\"inLanguage\":\"fr-FR\"},{\"@type\":\"Organization\",\"@id\":\"https:\/\/cool-clim.com\/#organization\",\"name\":\"Cool Clim\",\"url\":\"https:\/\/cool-clim.com\/\",\"logo\":{\"@type\":\"ImageObject\",\"inLanguage\":\"fr-FR\",\"@id\":\"https:\/\/cool-clim.com\/#\/schema\/logo\/image\/\",\"url\":\"https:\/\/cool-clim.com\/wp-content\/uploads\/2021\/12\/cropped-cropped-7f345e36-d5c0-49e4-a096-c3c4db238c57.jpg\",\"contentUrl\":\"https:\/\/cool-clim.com\/wp-content\/uploads\/2021\/12\/cropped-cropped-7f345e36-d5c0-49e4-a096-c3c4db238c57.jpg\",\"width\":512,\"height\":361,\"caption\":\"Cool Clim\"},\"image\":{\"@id\":\"https:\/\/cool-clim.com\/#\/schema\/logo\/image\/\"}}]}<\/script>\n<!-- \/ Yoast SEO plugin. -->","yoast_head_json":{"title":"Mono Split - Cool Clim","description":"mono split Cool Clim Mono Split","robots":{"index":"index","follow":"follow","max-snippet":"max-snippet:-1","max-image-preview":"max-image-preview:large","max-video-preview":"max-video-preview:-1"},"canonical":"https:\/\/cool-clim.com\/index.php\/mono-split\/","og_locale":"fr_FR","og_type":"article","og_title":"Mono Split - Cool Clim","og_description":"mono split Cool Clim Mono Split","og_url":"https:\/\/cool-clim.com\/index.php\/mono-split\/","og_site_name":"Cool Clim","article_modified_time":"2021-12-02T15:02:38+00:00","og_image":[{"url":"https:\/\/cool-clim.com\/wp-content\/uploads\/2021\/12\/climatisation-mono-split-diagramme.png","type":"","width":"","height":""}],"twitter_card":"summary_large_image","twitter_misc":{"Dur\u00e9e de lecture estim\u00e9e":"1 minute"},"schema":{"@context":"https:\/\/schema.org","@graph":[{"@type":"WebPage","@id":"https:\/\/cool-clim.com\/index.php\/mono-split\/","url":"https:\/\/cool-clim.com\/index.php\/mono-split\/","name":"Mono Split - Cool Clim","isPartOf":{"@id":"https:\/\/cool-clim.com\/#website"},"primaryImageOfPage":{"@id":"https:\/\/cool-clim.com\/index.php\/mono-split\/#primaryimage"},"image":{"@id":"https:\/\/cool-clim.com\/index.php\/mono-split\/#primaryimage"},"thumbnailUrl":"https:\/\/cool-clim.com\/wp-content\/uploads\/2021\/12\/climatisation-mono-split-diagramme.png","datePublished":"2021-12-02T08:29:12+00:00","dateModified":"2021-12-02T15:02:38+00:00","description":"mono split Cool Clim Mono Split","breadcrumb":{"@id":"https:\/\/cool-clim.com\/index.php\/mono-split\/#breadcrumb"},"inLanguage":"fr-FR","potentialAction":[{"@type":"ReadAction","target":["https:\/\/cool-clim.com\/index.php\/mono-split\/"]}]},{"@type":"ImageObject","inLanguage":"fr-FR","@id":"https:\/\/cool-clim.com\/index.php\/mono-split\/#primaryimage","url":"https:\/\/cool-clim.com\/wp-content\/uploads\/2021\/12\/climatisation-mono-split-diagramme.png","contentUrl":"https:\/\/cool-clim.com\/wp-content\/uploads\/2021\/12\/climatisation-mono-split-diagramme.png","width":600,"height":400},{"@type":"BreadcrumbList","@id":"https:\/\/cool-clim.com\/index.php\/mono-split\/#breadcrumb","itemListElement":[{"@type":"ListItem","position":1,"name":"Accueil","item":"https:\/\/cool-clim.com\/"},{"@type":"ListItem","position":2,"name":"Mono Split"}]},{"@type":"WebSite","@id":"https:\/\/cool-clim.com\/#website","url":"https:\/\/cool-clim.com\/","name":"Cool Clim","description":"","publisher":{"@id":"https:\/\/cool-clim.com\/#organization"},"potentialAction":[{"@type":"SearchAction","target":{"@type":"EntryPoint","urlTemplate":"https:\/\/cool-clim.com\/?s={search_term_string}"},"query-input":{"@type":"PropertyValueSpecification","valueRequired":true,"valueName":"search_term_string"}}],"inLanguage":"fr-FR"},{"@type":"Organization","@id":"https:\/\/cool-clim.com\/#organization","name":"Cool Clim","url":"https:\/\/cool-clim.com\/","logo":{"@type":"ImageObject","inLanguage":"fr-FR","@id":"https:\/\/cool-clim.com\/#\/schema\/logo\/image\/","url":"https:\/\/cool-clim.com\/wp-content\/uploads\/2021\/12\/cropped-cropped-7f345e36-d5c0-49e4-a096-c3c4db238c57.jpg","contentUrl":"https:\/\/cool-clim.com\/wp-content\/uploads\/2021\/12\/cropped-cropped-7f345e36-d5c0-49e4-a096-c3c4db238c57.jpg","width":512,"height":361,"caption":"Cool Clim"},"image":{"@id":"https:\/\/cool-clim.com\/#\/schema\/logo\/image\/"}}]}},"_links":{"self":[{"href":"https:\/\/cool-clim.com\/index.php\/wp-json\/wp\/v2\/pages\/18"}],"collection":[{"href":"https:\/\/cool-clim.com\/index.php\/wp-json\/wp\/v2\/pages"}],"about":[{"href":"https:\/\/cool-clim.com\/index.php\/wp-json\/wp\/v2\/types\/page"}],"author":[{"embeddable":true,"href":"https:\/\/cool-clim.com\/index.php\/wp-json\/wp\/v2\/users\/1"}],"replies":[{"embeddable":true,"href":"https:\/\/cool-clim.com\/index.php\/wp-json\/wp\/v2\/comments?post=18"}],"version-history":[{"count":6,"href":"https:\/\/cool-clim.com\/index.php\/wp-json\/wp\/v2\/pages\/18\/revisions"}],"predecessor-version":[{"id":197,"href":"https:\/\/cool-clim.com\/index.php\/wp-json\/wp\/v2\/pages\/18\/revisions\/197"}],"wp:attachment":[{"href":"https:\/\/cool-clim.com\/index.php\/wp-json\/wp\/v2\/media?parent=18"}],"curies":[{"name":"wp","href":"https:\/\/api.w.org\/{rel}","templated":true}]}}