{"id":38,"date":"2021-12-02T09:43:56","date_gmt":"2021-12-02T08:43:56","guid":{"rendered":"http:\/\/cool-clim.com\/?page_id=38"},"modified":"2021-12-03T09:29:56","modified_gmt":"2021-12-03T08:29:56","slug":"pose-de-climatisation","status":"publish","type":"page","link":"https:\/\/cool-clim.com\/index.php\/pose-de-climatisation\/","title":{"rendered":"Pose de Climatisation"},"content":{"rendered":"\n<div style=\"height:100px\" aria-hidden=\"true\" class=\"wp-block-spacer\"><\/div>\n\n\n\n<div class=\"wp-block-image is-style-default\"><figure class=\"aligncenter size-full is-resized\"><img loading=\"lazy\" decoding=\"async\" src=\"https:\/\/cool-clim.com\/wp-content\/uploads\/2021\/12\/poseclim.jpg\" alt=\"\" class=\"wp-image-203\" width=\"611\" height=\"408\" srcset=\"https:\/\/cool-clim.com\/wp-content\/uploads\/2021\/12\/poseclim.jpg 768w, https:\/\/cool-clim.com\/wp-content\/uploads\/2021\/12\/poseclim-300x200.jpg 300w\" sizes=\"(max-width: 611px) 100vw, 611px\" \/><\/figure><\/div>\n\n\n\n<div style=\"height:50px\" aria-hidden=\"true\" class=\"wp-block-spacer\"><\/div>\n\n\n\n<div class=\"wp-block-columns is-layout-flex wp-container-core-columns-is-layout-1 wp-block-columns-is-layout-flex\">\n<div class=\"wp-block-column is-layout-flow wp-block-column-is-layout-flow\">\n<p>Chez Cool-Clim nous nous chargeons de l&rsquo;installation de votre futur climatisation. La pose d&rsquo;une climatisation mono split s&rsquo;effectue dans la majeure partie des cas en moins d&rsquo;une journ\u00e9e tandis qu&rsquo;un syst\u00e8me multi split et\/ou gainable demande plus de temps.<\/p>\n\n\n\n<p>En cas de forte chaleur, le syst\u00e8me de climatisation permet de r\u00e9duire les temp\u00e9ratures. Il est \u00e9cologique et \u00e9conomique gr\u00e2ce \u00e0 son excellent rendement.<\/p>\n\n\n\n<p>Nous vous conseillons dans le choix de vos \u00e9quipements ainsi que pour le type d&rsquo;installation afin que ceux-ci soient les plus performants et les plus adapt\u00e9s \u00e0 votre espace.<\/p>\n<\/div>\n<\/div>\n","protected":false},"excerpt":{"rendered":"<p>Chez Cool-Clim nous nous chargeons de l&rsquo;installation de votre futur climatisation. La pose d&rsquo;une climatisation mono split s&rsquo;effectue dans la majeure partie des cas en moins d&rsquo;une journ\u00e9e tandis qu&rsquo;un syst\u00e8me multi split et\/ou gainable demande plus de temps. En cas de forte chaleur, le syst\u00e8me de climatisation permet de r\u00e9duire les temp\u00e9ratures. Il est &hellip;<\/p>\n<p class=\"read-more\"> <a class=\"\" href=\"https:\/\/cool-clim.com\/index.php\/pose-de-climatisation\/\"> <span class=\"screen-reader-text\">Pose de Climatisation<\/span> Lire la suite\u00a0\u00bb<\/a><\/p>\n","protected":false},"author":1,"featured_media":0,"parent":0,"menu_order":0,"comment_status":"closed","ping_status":"closed","template":"","meta":{"_monsterinsights_skip_tracking":false,"_monsterinsights_sitenote_active":false,"_monsterinsights_sitenote_note":"","_monsterinsights_sitenote_category":0,"site-sidebar-layout":"default","site-content-layout":"default","ast-global-header-display":"","ast-banner-title-visibility":"","ast-main-header-display":"","ast-hfb-above-header-display":"","ast-hfb-below-header-display":"","ast-hfb-mobile-header-display":"","site-post-title":"","ast-breadcrumbs-content":"","ast-featured-img":"","footer-sml-layout":"","theme-transparent-header-meta":"","adv-header-id-meta":"","stick-header-meta":"","header-above-stick-meta":"","header-main-stick-meta":"","header-below-stick-meta":"","footnotes":""},"yoast_head":"<!-- This site is optimized with the Yoast SEO plugin v24.5 - https:\/\/yoast.com\/wordpress\/plugins\/seo\/ -->\n<title>Pose de Climatisation - Cool Clim<\/title>\n<meta name=\"robots\" content=\"index, follow, max-snippet:-1, max-image-preview:large, max-video-preview:-1\" \/>\n<link rel=\"canonical\" href=\"https:\/\/cool-clim.com\/index.php\/pose-de-climatisation\/\" \/>\n<meta property=\"og:locale\" content=\"fr_FR\" \/>\n<meta property=\"og:type\" content=\"article\" \/>\n<meta property=\"og:title\" content=\"Pose de Climatisation - Cool Clim\" \/>\n<meta property=\"og:description\" content=\"Chez Cool-Clim nous nous chargeons de l&rsquo;installation de votre futur climatisation. La pose d&rsquo;une climatisation mono split s&rsquo;effectue dans la majeure partie des cas en moins d&rsquo;une journ\u00e9e tandis qu&rsquo;un syst\u00e8me multi split et\/ou gainable demande plus de temps. En cas de forte chaleur, le syst\u00e8me de climatisation permet de r\u00e9duire les temp\u00e9ratures. Il est &hellip; Pose de Climatisation Lire la suite\u00a0\u00bb\" \/>\n<meta property=\"og:url\" content=\"https:\/\/cool-clim.com\/index.php\/pose-de-climatisation\/\" \/>\n<meta property=\"og:site_name\" content=\"Cool Clim\" \/>\n<meta property=\"article:modified_time\" content=\"2021-12-03T08:29:56+00:00\" \/>\n<meta property=\"og:image\" content=\"https:\/\/cool-clim.com\/wp-content\/uploads\/2021\/12\/poseclim.jpg\" \/>\n<meta name=\"twitter:card\" content=\"summary_large_image\" \/>\n<meta name=\"twitter:label1\" content=\"Dur\u00e9e de lecture estim\u00e9e\" \/>\n\t<meta name=\"twitter:data1\" content=\"1 minute\" \/>\n<script type=\"application\/ld+json\" class=\"yoast-schema-graph\">{\"@context\":\"https:\/\/schema.org\",\"@graph\":[{\"@type\":\"WebPage\",\"@id\":\"https:\/\/cool-clim.com\/index.php\/pose-de-climatisation\/\",\"url\":\"https:\/\/cool-clim.com\/index.php\/pose-de-climatisation\/\",\"name\":\"Pose de Climatisation - Cool Clim\",\"isPartOf\":{\"@id\":\"https:\/\/cool-clim.com\/#website\"},\"primaryImageOfPage\":{\"@id\":\"https:\/\/cool-clim.com\/index.php\/pose-de-climatisation\/#primaryimage\"},\"image\":{\"@id\":\"https:\/\/cool-clim.com\/index.php\/pose-de-climatisation\/#primaryimage\"},\"thumbnailUrl\":\"https:\/\/cool-clim.com\/wp-content\/uploads\/2021\/12\/poseclim.jpg\",\"datePublished\":\"2021-12-02T08:43:56+00:00\",\"dateModified\":\"2021-12-03T08:29:56+00:00\",\"breadcrumb\":{\"@id\":\"https:\/\/cool-clim.com\/index.php\/pose-de-climatisation\/#breadcrumb\"},\"inLanguage\":\"fr-FR\",\"potentialAction\":[{\"@type\":\"ReadAction\",\"target\":[\"https:\/\/cool-clim.com\/index.php\/pose-de-climatisation\/\"]}]},{\"@type\":\"ImageObject\",\"inLanguage\":\"fr-FR\",\"@id\":\"https:\/\/cool-clim.com\/index.php\/pose-de-climatisation\/#primaryimage\",\"url\":\"https:\/\/cool-clim.com\/wp-content\/uploads\/2021\/12\/poseclim.jpg\",\"contentUrl\":\"https:\/\/cool-clim.com\/wp-content\/uploads\/2021\/12\/poseclim.jpg\",\"width\":768,\"height\":513},{\"@type\":\"BreadcrumbList\",\"@id\":\"https:\/\/cool-clim.com\/index.php\/pose-de-climatisation\/#breadcrumb\",\"itemListElement\":[{\"@type\":\"ListItem\",\"position\":1,\"name\":\"Accueil\",\"item\":\"https:\/\/cool-clim.com\/\"},{\"@type\":\"ListItem\",\"position\":2,\"name\":\"Pose de Climatisation\"}]},{\"@type\":\"WebSite\",\"@id\":\"https:\/\/cool-clim.com\/#website\",\"url\":\"https:\/\/cool-clim.com\/\",\"name\":\"Cool Clim\",\"description\":\"\",\"publisher\":{\"@id\":\"https:\/\/cool-clim.com\/#organization\"},\"potentialAction\":[{\"@type\":\"SearchAction\",\"target\":{\"@type\":\"EntryPoint\",\"urlTemplate\":\"https:\/\/cool-clim.com\/?s={search_term_string}\"},\"query-input\":{\"@type\":\"PropertyValueSpecification\",\"valueRequired\":true,\"valueName\":\"search_term_string\"}}],\"inLanguage\":\"fr-FR\"},{\"@type\":\"Organization\",\"@id\":\"https:\/\/cool-clim.com\/#organization\",\"name\":\"Cool Clim\",\"url\":\"https:\/\/cool-clim.com\/\",\"logo\":{\"@type\":\"ImageObject\",\"inLanguage\":\"fr-FR\",\"@id\":\"https:\/\/cool-clim.com\/#\/schema\/logo\/image\/\",\"url\":\"https:\/\/cool-clim.com\/wp-content\/uploads\/2021\/12\/cropped-cropped-7f345e36-d5c0-49e4-a096-c3c4db238c57.jpg\",\"contentUrl\":\"https:\/\/cool-clim.com\/wp-content\/uploads\/2021\/12\/cropped-cropped-7f345e36-d5c0-49e4-a096-c3c4db238c57.jpg\",\"width\":512,\"height\":361,\"caption\":\"Cool Clim\"},\"image\":{\"@id\":\"https:\/\/cool-clim.com\/#\/schema\/logo\/image\/\"}}]}<\/script>\n<!-- \/ Yoast SEO plugin. -->","yoast_head_json":{"title":"Pose de Climatisation - Cool Clim","robots":{"index":"index","follow":"follow","max-snippet":"max-snippet:-1","max-image-preview":"max-image-preview:large","max-video-preview":"max-video-preview:-1"},"canonical":"https:\/\/cool-clim.com\/index.php\/pose-de-climatisation\/","og_locale":"fr_FR","og_type":"article","og_title":"Pose de Climatisation - Cool Clim","og_description":"Chez Cool-Clim nous nous chargeons de l&rsquo;installation de votre futur climatisation. La pose d&rsquo;une climatisation mono split s&rsquo;effectue dans la majeure partie des cas en moins d&rsquo;une journ\u00e9e tandis qu&rsquo;un syst\u00e8me multi split et\/ou gainable demande plus de temps. En cas de forte chaleur, le syst\u00e8me de climatisation permet de r\u00e9duire les temp\u00e9ratures. Il est &hellip; Pose de Climatisation Lire la suite\u00a0\u00bb","og_url":"https:\/\/cool-clim.com\/index.php\/pose-de-climatisation\/","og_site_name":"Cool Clim","article_modified_time":"2021-12-03T08:29:56+00:00","og_image":[{"url":"https:\/\/cool-clim.com\/wp-content\/uploads\/2021\/12\/poseclim.jpg","type":"","width":"","height":""}],"twitter_card":"summary_large_image","twitter_misc":{"Dur\u00e9e de lecture estim\u00e9e":"1 minute"},"schema":{"@context":"https:\/\/schema.org","@graph":[{"@type":"WebPage","@id":"https:\/\/cool-clim.com\/index.php\/pose-de-climatisation\/","url":"https:\/\/cool-clim.com\/index.php\/pose-de-climatisation\/","name":"Pose de Climatisation - Cool Clim","isPartOf":{"@id":"https:\/\/cool-clim.com\/#website"},"primaryImageOfPage":{"@id":"https:\/\/cool-clim.com\/index.php\/pose-de-climatisation\/#primaryimage"},"image":{"@id":"https:\/\/cool-clim.com\/index.php\/pose-de-climatisation\/#primaryimage"},"thumbnailUrl":"https:\/\/cool-clim.com\/wp-content\/uploads\/2021\/12\/poseclim.jpg","datePublished":"2021-12-02T08:43:56+00:00","dateModified":"2021-12-03T08:29:56+00:00","breadcrumb":{"@id":"https:\/\/cool-clim.com\/index.php\/pose-de-climatisation\/#breadcrumb"},"inLanguage":"fr-FR","potentialAction":[{"@type":"ReadAction","target":["https:\/\/cool-clim.com\/index.php\/pose-de-climatisation\/"]}]},{"@type":"ImageObject","inLanguage":"fr-FR","@id":"https:\/\/cool-clim.com\/index.php\/pose-de-climatisation\/#primaryimage","url":"https:\/\/cool-clim.com\/wp-content\/uploads\/2021\/12\/poseclim.jpg","contentUrl":"https:\/\/cool-clim.com\/wp-content\/uploads\/2021\/12\/poseclim.jpg","width":768,"height":513},{"@type":"BreadcrumbList","@id":"https:\/\/cool-clim.com\/index.php\/pose-de-climatisation\/#breadcrumb","itemListElement":[{"@type":"ListItem","position":1,"name":"Accueil","item":"https:\/\/cool-clim.com\/"},{"@type":"ListItem","position":2,"name":"Pose de Climatisation"}]},{"@type":"WebSite","@id":"https:\/\/cool-clim.com\/#website","url":"https:\/\/cool-clim.com\/","name":"Cool Clim","description":"","publisher":{"@id":"https:\/\/cool-clim.com\/#organization"},"potentialAction":[{"@type":"SearchAction","target":{"@type":"EntryPoint","urlTemplate":"https:\/\/cool-clim.com\/?s={search_term_string}"},"query-input":{"@type":"PropertyValueSpecification","valueRequired":true,"valueName":"search_term_string"}}],"inLanguage":"fr-FR"},{"@type":"Organization","@id":"https:\/\/cool-clim.com\/#organization","name":"Cool Clim","url":"https:\/\/cool-clim.com\/","logo":{"@type":"ImageObject","inLanguage":"fr-FR","@id":"https:\/\/cool-clim.com\/#\/schema\/logo\/image\/","url":"https:\/\/cool-clim.com\/wp-content\/uploads\/2021\/12\/cropped-cropped-7f345e36-d5c0-49e4-a096-c3c4db238c57.jpg","contentUrl":"https:\/\/cool-clim.com\/wp-content\/uploads\/2021\/12\/cropped-cropped-7f345e36-d5c0-49e4-a096-c3c4db238c57.jpg","width":512,"height":361,"caption":"Cool Clim"},"image":{"@id":"https:\/\/cool-clim.com\/#\/schema\/logo\/image\/"}}]}},"_links":{"self":[{"href":"https:\/\/cool-clim.com\/index.php\/wp-json\/wp\/v2\/pages\/38"}],"collection":[{"href":"https:\/\/cool-clim.com\/index.php\/wp-json\/wp\/v2\/pages"}],"about":[{"href":"https:\/\/cool-clim.com\/index.php\/wp-json\/wp\/v2\/types\/page"}],"author":[{"embeddable":true,"href":"https:\/\/cool-clim.com\/index.php\/wp-json\/wp\/v2\/users\/1"}],"replies":[{"embeddable":true,"href":"https:\/\/cool-clim.com\/index.php\/wp-json\/wp\/v2\/comments?post=38"}],"version-history":[{"count":8,"href":"https:\/\/cool-clim.com\/index.php\/wp-json\/wp\/v2\/pages\/38\/revisions"}],"predecessor-version":[{"id":253,"href":"https:\/\/cool-clim.com\/index.php\/wp-json\/wp\/v2\/pages\/38\/revisions\/253"}],"wp:attachment":[{"href":"https:\/\/cool-clim.com\/index.php\/wp-json\/wp\/v2\/media?parent=38"}],"curies":[{"name":"wp","href":"https:\/\/api.w.org\/{rel}","templated":true}]}}