{"id":39,"date":"2021-12-02T09:43:56","date_gmt":"2021-12-02T08:43:56","guid":{"rendered":"http:\/\/cool-clim.com\/?page_id=39"},"modified":"2021-12-03T09:02:15","modified_gmt":"2021-12-03T08:02:15","slug":"entretien","status":"publish","type":"page","link":"https:\/\/cool-clim.com\/index.php\/entretien\/","title":{"rendered":"Entretien"},"content":{"rendered":"\n<div style=\"height:100px\" aria-hidden=\"true\" class=\"wp-block-spacer\"><\/div>\n\n\n\n<div class=\"wp-block-image is-style-default\"><figure class=\"aligncenter size-full\"><img loading=\"lazy\" decoding=\"async\" width=\"600\" height=\"250\" src=\"https:\/\/cool-clim.com\/wp-content\/uploads\/2021\/12\/entretenir-climatisation.jpg\" alt=\"\" class=\"wp-image-213\" srcset=\"https:\/\/cool-clim.com\/wp-content\/uploads\/2021\/12\/entretenir-climatisation.jpg 600w, https:\/\/cool-clim.com\/wp-content\/uploads\/2021\/12\/entretenir-climatisation-300x125.jpg 300w\" sizes=\"(max-width: 600px) 100vw, 600px\" \/><\/figure><\/div>\n\n\n\n<div style=\"height:50px\" aria-hidden=\"true\" class=\"wp-block-spacer\"><\/div>\n\n\n\n<p>L&rsquo;entretien d&rsquo;une climatisation est un \u00e9l\u00e9ment \u00e0 ne pas n\u00e9gliger. Des enqu\u00eates bact\u00e9riologiques r\u00e9alis\u00e9es en laboratoire prouvent que plusieurs bact\u00e9ries et \u00e9l\u00e9ments fongiques dangereux pour la sant\u00e9 peuvent \u00eatre retrouv\u00e9s lorsque les climatiseurs sont encrass\u00e9s. Des proc\u00e9dures pr\u00e9cises de nettoyage et de d\u00e9sinfection doivent \u00eatre mises en place afin d&rsquo;\u00e9viter des pathologies type l\u00e9gionellose, champignons et allergies.<\/p>\n\n\n\n<p>De plus, un appareil bien entretenu est plus \u00e9conomique et donc plus \u00e9cologique. Des analyses pr\u00e9cisent que la consommation \u00e9lectrique des climatiseurs est li\u00e9e au taux d&rsquo;encrassement. Un appareil mal entretenu peut consommer entre 25 \u00e0 30% de plus en \u00e9lectricit\u00e9. Un entretien r\u00e9gulier permet de maitriser les d\u00e9penses \u00e9nerg\u00e9tiques et de rester dans les normes de consommation fournies par le fabricant.<\/p>\n\n\n\n<div style=\"height:50px\" aria-hidden=\"true\" class=\"wp-block-spacer\"><\/div>\n\n\n\n<figure class=\"wp-block-gallery columns-4 is-cropped wp-block-gallery-1 is-layout-flex wp-block-gallery-is-layout-flex\"><ul class=\"blocks-gallery-grid\"><li class=\"blocks-gallery-item\"><figure><img loading=\"lazy\" decoding=\"async\" width=\"418\" height=\"287\" src=\"https:\/\/cool-clim.com\/wp-content\/uploads\/2021\/12\/19f9cefdfb07230a68581d617885a3af_XL-2.jpg\" alt=\"\" data-id=\"228\" data-link=\"https:\/\/cool-clim.com\/index.php\/entretien\/19f9cefdfb07230a68581d617885a3af_xl-2\/\" class=\"wp-image-228\" srcset=\"https:\/\/cool-clim.com\/wp-content\/uploads\/2021\/12\/19f9cefdfb07230a68581d617885a3af_XL-2.jpg 418w, https:\/\/cool-clim.com\/wp-content\/uploads\/2021\/12\/19f9cefdfb07230a68581d617885a3af_XL-2-300x206.jpg 300w\" sizes=\"(max-width: 418px) 100vw, 418px\" \/><\/figure><\/li><li class=\"blocks-gallery-item\"><figure><img loading=\"lazy\" decoding=\"async\" width=\"462\" height=\"318\" src=\"https:\/\/cool-clim.com\/wp-content\/uploads\/2021\/12\/19f9cefdfb07230a68581d617885a3af_XL-3.jpg\" alt=\"\" data-id=\"229\" data-link=\"https:\/\/cool-clim.com\/index.php\/entretien\/19f9cefdfb07230a68581d617885a3af_xl-3\/\" class=\"wp-image-229\" srcset=\"https:\/\/cool-clim.com\/wp-content\/uploads\/2021\/12\/19f9cefdfb07230a68581d617885a3af_XL-3.jpg 462w, https:\/\/cool-clim.com\/wp-content\/uploads\/2021\/12\/19f9cefdfb07230a68581d617885a3af_XL-3-300x206.jpg 300w\" sizes=\"(max-width: 462px) 100vw, 462px\" \/><\/figure><\/li><li class=\"blocks-gallery-item\"><figure><img loading=\"lazy\" decoding=\"async\" width=\"1024\" height=\"576\" src=\"https:\/\/cool-clim.com\/wp-content\/uploads\/2021\/12\/cacher_groupre_climatisation-1024x576.jpg\" alt=\"\" data-id=\"231\" data-full-url=\"https:\/\/cool-clim.com\/wp-content\/uploads\/2021\/12\/cacher_groupre_climatisation.jpg\" data-link=\"https:\/\/cool-clim.com\/index.php\/entretien\/cacher_groupre_climatisation\/\" class=\"wp-image-231\" srcset=\"https:\/\/cool-clim.com\/wp-content\/uploads\/2021\/12\/cacher_groupre_climatisation-1024x576.jpg 1024w, https:\/\/cool-clim.com\/wp-content\/uploads\/2021\/12\/cacher_groupre_climatisation-300x169.jpg 300w, https:\/\/cool-clim.com\/wp-content\/uploads\/2021\/12\/cacher_groupre_climatisation-768x432.jpg 768w, https:\/\/cool-clim.com\/wp-content\/uploads\/2021\/12\/cacher_groupre_climatisation.jpg 1280w\" sizes=\"(max-width: 1024px) 100vw, 1024px\" \/><\/figure><\/li><li class=\"blocks-gallery-item\"><figure><img loading=\"lazy\" decoding=\"async\" width=\"500\" height=\"334\" src=\"https:\/\/cool-clim.com\/wp-content\/uploads\/2021\/12\/climatisation-gainable-split.jpg\" alt=\"\" data-id=\"230\" data-link=\"https:\/\/cool-clim.com\/index.php\/entretien\/climatisation-gainable-split\/\" class=\"wp-image-230\" srcset=\"https:\/\/cool-clim.com\/wp-content\/uploads\/2021\/12\/climatisation-gainable-split.jpg 500w, https:\/\/cool-clim.com\/wp-content\/uploads\/2021\/12\/climatisation-gainable-split-300x200.jpg 300w\" sizes=\"(max-width: 500px) 100vw, 500px\" \/><\/figure><\/li><\/ul><\/figure>\n\n\n\n<h4 class=\"wp-block-heading\">Nos Prestations:<\/h4>\n\n\n\n<ul><li>Traitement anti corrosion (pour les groupes ext\u00e9rieurs situ\u00e9s en bord de mer).<\/li><li>Remplacement amortisseurs groupes ext\u00e9rieurs.<\/li><li>Contr\u00f4le de l&rsquo;\u00e9tat g\u00e9n\u00e9ral de l&rsquo;installation.<\/li><li>Contr\u00f4le du niveau et de la bonne fixation des appareils.<\/li><li>Contr\u00f4le du recyclage de l&rsquo;air.<\/li><li>Contr\u00f4le et nettoyage des filtres.<\/li><li>Remplacement du filtre d&rsquo;aspiration pour les gainables.<\/li><li>D\u00e9sinfection de l&rsquo;unit\u00e9 int\u00e9rieure.<\/li><li>Contr\u00f4le des pressions du circuit.<\/li><li>Contr\u00f4le des temp\u00e9ratures de soufflage.<\/li><li>Mesure de l&rsquo;intensit\u00e9 du compresseur.<\/li><li>Resserrage des bornes \u00e9lectriques.<\/li><li>V\u00e9rification et nettoyage du condenseur.<\/li><li>Contr\u00f4le de la r\u00e9gulation.<\/li><li>Contr\u00f4le de l&rsquo;\u00e9vacuation des condensats.<\/li><li>Contr\u00f4le de l&rsquo;\u00e9tanch\u00e9it\u00e9 du circuit frigorifique.<\/li><li>Appoint gaz sur devis selon type de fr\u00e9on.<\/li><li>Remise en place d&rsquo;isolant sur les cuivres si n\u00e9cessaire.<\/li><li>Recommandations techniques si n\u00e9cessaire.<\/li><\/ul>\n\n\n\n<div class=\"wp-block-columns is-layout-flex wp-container-core-columns-is-layout-1 wp-block-columns-is-layout-flex\">\n<div class=\"wp-block-column is-layout-flow wp-block-column-is-layout-flow\">\n<div class=\"wp-block-buttons is-content-justification-center is-layout-flex wp-block-buttons-is-layout-flex\">\n<div class=\"wp-block-button\"><a class=\"wp-block-button__link\" href=\"https:\/\/cool-clim.com\/index.php\/contact\/\">Contactez-Nous!<\/a><\/div>\n<\/div>\n<\/div>\n<\/div>\n","protected":false},"excerpt":{"rendered":"<p>L&rsquo;entretien d&rsquo;une climatisation est un \u00e9l\u00e9ment \u00e0 ne pas n\u00e9gliger. Des enqu\u00eates bact\u00e9riologiques r\u00e9alis\u00e9es en laboratoire prouvent que plusieurs bact\u00e9ries et \u00e9l\u00e9ments fongiques dangereux pour la sant\u00e9 peuvent \u00eatre retrouv\u00e9s lorsque les climatiseurs sont encrass\u00e9s. Des proc\u00e9dures pr\u00e9cises de nettoyage et de d\u00e9sinfection doivent \u00eatre mises en place afin d&rsquo;\u00e9viter des pathologies type l\u00e9gionellose, champignons &hellip;<\/p>\n<p class=\"read-more\"> <a class=\"\" href=\"https:\/\/cool-clim.com\/index.php\/entretien\/\"> <span class=\"screen-reader-text\">Entretien<\/span> Lire la suite\u00a0\u00bb<\/a><\/p>\n","protected":false},"author":1,"featured_media":0,"parent":0,"menu_order":0,"comment_status":"closed","ping_status":"closed","template":"","meta":{"_monsterinsights_skip_tracking":false,"_monsterinsights_sitenote_active":false,"_monsterinsights_sitenote_note":"","_monsterinsights_sitenote_category":0,"site-sidebar-layout":"default","site-content-layout":"default","ast-global-header-display":"","ast-banner-title-visibility":"","ast-main-header-display":"","ast-hfb-above-header-display":"","ast-hfb-below-header-display":"","ast-hfb-mobile-header-display":"","site-post-title":"","ast-breadcrumbs-content":"","ast-featured-img":"","footer-sml-layout":"","theme-transparent-header-meta":"","adv-header-id-meta":"","stick-header-meta":"","header-above-stick-meta":"","header-main-stick-meta":"","header-below-stick-meta":"","footnotes":""},"yoast_head":"<!-- This site is optimized with the Yoast SEO plugin v24.5 - https:\/\/yoast.com\/wordpress\/plugins\/seo\/ -->\n<title>Entretien - Cool Clim var cogolin climatisation entretien d\u00e9pannage<\/title>\n<meta name=\"robots\" content=\"index, follow, max-snippet:-1, max-image-preview:large, max-video-preview:-1\" \/>\n<link rel=\"canonical\" href=\"https:\/\/cool-clim.com\/index.php\/entretien\/\" \/>\n<meta property=\"og:locale\" content=\"fr_FR\" \/>\n<meta property=\"og:type\" content=\"article\" \/>\n<meta property=\"og:title\" content=\"Entretien - Cool Clim var cogolin climatisation entretien d\u00e9pannage\" \/>\n<meta property=\"og:description\" content=\"L&rsquo;entretien d&rsquo;une climatisation est un \u00e9l\u00e9ment \u00e0 ne pas n\u00e9gliger. Des enqu\u00eates bact\u00e9riologiques r\u00e9alis\u00e9es en laboratoire prouvent que plusieurs bact\u00e9ries et \u00e9l\u00e9ments fongiques dangereux pour la sant\u00e9 peuvent \u00eatre retrouv\u00e9s lorsque les climatiseurs sont encrass\u00e9s. Des proc\u00e9dures pr\u00e9cises de nettoyage et de d\u00e9sinfection doivent \u00eatre mises en place afin d&rsquo;\u00e9viter des pathologies type l\u00e9gionellose, champignons &hellip; Entretien Lire la suite\u00a0\u00bb\" \/>\n<meta property=\"og:url\" content=\"https:\/\/cool-clim.com\/index.php\/entretien\/\" \/>\n<meta property=\"og:site_name\" content=\"Cool Clim\" \/>\n<meta property=\"article:modified_time\" content=\"2021-12-03T08:02:15+00:00\" \/>\n<meta property=\"og:image\" content=\"https:\/\/cool-clim.com\/wp-content\/uploads\/2021\/12\/entretenir-climatisation.jpg\" \/>\n<meta name=\"twitter:card\" content=\"summary_large_image\" \/>\n<meta name=\"twitter:label1\" content=\"Dur\u00e9e de lecture estim\u00e9e\" \/>\n\t<meta name=\"twitter:data1\" content=\"3 minutes\" \/>\n<script type=\"application\/ld+json\" class=\"yoast-schema-graph\">{\"@context\":\"https:\/\/schema.org\",\"@graph\":[{\"@type\":\"WebPage\",\"@id\":\"https:\/\/cool-clim.com\/index.php\/entretien\/\",\"url\":\"https:\/\/cool-clim.com\/index.php\/entretien\/\",\"name\":\"Entretien - Cool Clim var cogolin climatisation entretien d\u00e9pannage\",\"isPartOf\":{\"@id\":\"https:\/\/cool-clim.com\/#website\"},\"primaryImageOfPage\":{\"@id\":\"https:\/\/cool-clim.com\/index.php\/entretien\/#primaryimage\"},\"image\":{\"@id\":\"https:\/\/cool-clim.com\/index.php\/entretien\/#primaryimage\"},\"thumbnailUrl\":\"https:\/\/cool-clim.com\/wp-content\/uploads\/2021\/12\/entretenir-climatisation.jpg\",\"datePublished\":\"2021-12-02T08:43:56+00:00\",\"dateModified\":\"2021-12-03T08:02:15+00:00\",\"breadcrumb\":{\"@id\":\"https:\/\/cool-clim.com\/index.php\/entretien\/#breadcrumb\"},\"inLanguage\":\"fr-FR\",\"potentialAction\":[{\"@type\":\"ReadAction\",\"target\":[\"https:\/\/cool-clim.com\/index.php\/entretien\/\"]}]},{\"@type\":\"ImageObject\",\"inLanguage\":\"fr-FR\",\"@id\":\"https:\/\/cool-clim.com\/index.php\/entretien\/#primaryimage\",\"url\":\"https:\/\/cool-clim.com\/wp-content\/uploads\/2021\/12\/entretenir-climatisation.jpg\",\"contentUrl\":\"https:\/\/cool-clim.com\/wp-content\/uploads\/2021\/12\/entretenir-climatisation.jpg\",\"width\":600,\"height\":250},{\"@type\":\"BreadcrumbList\",\"@id\":\"https:\/\/cool-clim.com\/index.php\/entretien\/#breadcrumb\",\"itemListElement\":[{\"@type\":\"ListItem\",\"position\":1,\"name\":\"Accueil\",\"item\":\"https:\/\/cool-clim.com\/\"},{\"@type\":\"ListItem\",\"position\":2,\"name\":\"Entretien\"}]},{\"@type\":\"WebSite\",\"@id\":\"https:\/\/cool-clim.com\/#website\",\"url\":\"https:\/\/cool-clim.com\/\",\"name\":\"Cool Clim\",\"description\":\"\",\"publisher\":{\"@id\":\"https:\/\/cool-clim.com\/#organization\"},\"potentialAction\":[{\"@type\":\"SearchAction\",\"target\":{\"@type\":\"EntryPoint\",\"urlTemplate\":\"https:\/\/cool-clim.com\/?s={search_term_string}\"},\"query-input\":{\"@type\":\"PropertyValueSpecification\",\"valueRequired\":true,\"valueName\":\"search_term_string\"}}],\"inLanguage\":\"fr-FR\"},{\"@type\":\"Organization\",\"@id\":\"https:\/\/cool-clim.com\/#organization\",\"name\":\"Cool Clim\",\"url\":\"https:\/\/cool-clim.com\/\",\"logo\":{\"@type\":\"ImageObject\",\"inLanguage\":\"fr-FR\",\"@id\":\"https:\/\/cool-clim.com\/#\/schema\/logo\/image\/\",\"url\":\"https:\/\/cool-clim.com\/wp-content\/uploads\/2021\/12\/cropped-cropped-7f345e36-d5c0-49e4-a096-c3c4db238c57.jpg\",\"contentUrl\":\"https:\/\/cool-clim.com\/wp-content\/uploads\/2021\/12\/cropped-cropped-7f345e36-d5c0-49e4-a096-c3c4db238c57.jpg\",\"width\":512,\"height\":361,\"caption\":\"Cool Clim\"},\"image\":{\"@id\":\"https:\/\/cool-clim.com\/#\/schema\/logo\/image\/\"}}]}<\/script>\n<!-- \/ Yoast SEO plugin. -->","yoast_head_json":{"title":"Entretien - Cool Clim var cogolin climatisation entretien d\u00e9pannage","robots":{"index":"index","follow":"follow","max-snippet":"max-snippet:-1","max-image-preview":"max-image-preview:large","max-video-preview":"max-video-preview:-1"},"canonical":"https:\/\/cool-clim.com\/index.php\/entretien\/","og_locale":"fr_FR","og_type":"article","og_title":"Entretien - Cool Clim var cogolin climatisation entretien d\u00e9pannage","og_description":"L&rsquo;entretien d&rsquo;une climatisation est un \u00e9l\u00e9ment \u00e0 ne pas n\u00e9gliger. Des enqu\u00eates bact\u00e9riologiques r\u00e9alis\u00e9es en laboratoire prouvent que plusieurs bact\u00e9ries et \u00e9l\u00e9ments fongiques dangereux pour la sant\u00e9 peuvent \u00eatre retrouv\u00e9s lorsque les climatiseurs sont encrass\u00e9s. Des proc\u00e9dures pr\u00e9cises de nettoyage et de d\u00e9sinfection doivent \u00eatre mises en place afin d&rsquo;\u00e9viter des pathologies type l\u00e9gionellose, champignons &hellip; Entretien Lire la suite\u00a0\u00bb","og_url":"https:\/\/cool-clim.com\/index.php\/entretien\/","og_site_name":"Cool Clim","article_modified_time":"2021-12-03T08:02:15+00:00","og_image":[{"url":"https:\/\/cool-clim.com\/wp-content\/uploads\/2021\/12\/entretenir-climatisation.jpg","type":"","width":"","height":""}],"twitter_card":"summary_large_image","twitter_misc":{"Dur\u00e9e de lecture estim\u00e9e":"3 minutes"},"schema":{"@context":"https:\/\/schema.org","@graph":[{"@type":"WebPage","@id":"https:\/\/cool-clim.com\/index.php\/entretien\/","url":"https:\/\/cool-clim.com\/index.php\/entretien\/","name":"Entretien - Cool Clim var cogolin climatisation entretien d\u00e9pannage","isPartOf":{"@id":"https:\/\/cool-clim.com\/#website"},"primaryImageOfPage":{"@id":"https:\/\/cool-clim.com\/index.php\/entretien\/#primaryimage"},"image":{"@id":"https:\/\/cool-clim.com\/index.php\/entretien\/#primaryimage"},"thumbnailUrl":"https:\/\/cool-clim.com\/wp-content\/uploads\/2021\/12\/entretenir-climatisation.jpg","datePublished":"2021-12-02T08:43:56+00:00","dateModified":"2021-12-03T08:02:15+00:00","breadcrumb":{"@id":"https:\/\/cool-clim.com\/index.php\/entretien\/#breadcrumb"},"inLanguage":"fr-FR","potentialAction":[{"@type":"ReadAction","target":["https:\/\/cool-clim.com\/index.php\/entretien\/"]}]},{"@type":"ImageObject","inLanguage":"fr-FR","@id":"https:\/\/cool-clim.com\/index.php\/entretien\/#primaryimage","url":"https:\/\/cool-clim.com\/wp-content\/uploads\/2021\/12\/entretenir-climatisation.jpg","contentUrl":"https:\/\/cool-clim.com\/wp-content\/uploads\/2021\/12\/entretenir-climatisation.jpg","width":600,"height":250},{"@type":"BreadcrumbList","@id":"https:\/\/cool-clim.com\/index.php\/entretien\/#breadcrumb","itemListElement":[{"@type":"ListItem","position":1,"name":"Accueil","item":"https:\/\/cool-clim.com\/"},{"@type":"ListItem","position":2,"name":"Entretien"}]},{"@type":"WebSite","@id":"https:\/\/cool-clim.com\/#website","url":"https:\/\/cool-clim.com\/","name":"Cool Clim","description":"","publisher":{"@id":"https:\/\/cool-clim.com\/#organization"},"potentialAction":[{"@type":"SearchAction","target":{"@type":"EntryPoint","urlTemplate":"https:\/\/cool-clim.com\/?s={search_term_string}"},"query-input":{"@type":"PropertyValueSpecification","valueRequired":true,"valueName":"search_term_string"}}],"inLanguage":"fr-FR"},{"@type":"Organization","@id":"https:\/\/cool-clim.com\/#organization","name":"Cool Clim","url":"https:\/\/cool-clim.com\/","logo":{"@type":"ImageObject","inLanguage":"fr-FR","@id":"https:\/\/cool-clim.com\/#\/schema\/logo\/image\/","url":"https:\/\/cool-clim.com\/wp-content\/uploads\/2021\/12\/cropped-cropped-7f345e36-d5c0-49e4-a096-c3c4db238c57.jpg","contentUrl":"https:\/\/cool-clim.com\/wp-content\/uploads\/2021\/12\/cropped-cropped-7f345e36-d5c0-49e4-a096-c3c4db238c57.jpg","width":512,"height":361,"caption":"Cool Clim"},"image":{"@id":"https:\/\/cool-clim.com\/#\/schema\/logo\/image\/"}}]}},"_links":{"self":[{"href":"https:\/\/cool-clim.com\/index.php\/wp-json\/wp\/v2\/pages\/39"}],"collection":[{"href":"https:\/\/cool-clim.com\/index.php\/wp-json\/wp\/v2\/pages"}],"about":[{"href":"https:\/\/cool-clim.com\/index.php\/wp-json\/wp\/v2\/types\/page"}],"author":[{"embeddable":true,"href":"https:\/\/cool-clim.com\/index.php\/wp-json\/wp\/v2\/users\/1"}],"replies":[{"embeddable":true,"href":"https:\/\/cool-clim.com\/index.php\/wp-json\/wp\/v2\/comments?post=39"}],"version-history":[{"count":6,"href":"https:\/\/cool-clim.com\/index.php\/wp-json\/wp\/v2\/pages\/39\/revisions"}],"predecessor-version":[{"id":249,"href":"https:\/\/cool-clim.com\/index.php\/wp-json\/wp\/v2\/pages\/39\/revisions\/249"}],"wp:attachment":[{"href":"https:\/\/cool-clim.com\/index.php\/wp-json\/wp\/v2\/media?parent=39"}],"curies":[{"name":"wp","href":"https:\/\/api.w.org\/{rel}","templated":true}]}}